{"id":3737,"date":"2018-11-08T12:45:25","date_gmt":"2018-11-08T11:45:25","guid":{"rendered":"http:\/\/localhost\/?page_id=3737"},"modified":"2023-03-27T11:05:09","modified_gmt":"2023-03-27T10:05:09","slug":"a-bit-about-us","status":"publish","type":"page","link":"https:\/\/estelaexclusivehomes.com\/es\/a-bit-about-us\/","title":{"rendered":"Un poco acerca de nosotros"},"content":{"rendered":"<p class=\"p1\">Estela Est\u00e9vez, fundadora de Estela Exclusive Homes, ha trabajado en el sector inmobiliario en Madrid y Baleares durante m\u00e1s de veinte a\u00f1os cumpliendo con un compromiso particular por el estilo y la excelencia, y de esta manera ha creado una forma de trabajar que cuida la relaci\u00f3n de confianza con sus clientes.<\/p>\n<p><img decoding=\"async\" class=\"estela wp-image-22764 size-medium alignleft\" style=\"margin-right: 2%;\" src=\"https:\/\/estelaexclusivehomes.com\/wp-content\/uploads\/2020\/03\/Estela-2-928x1024-1-272x300.png\" alt=\"\" width=\"272\" height=\"300\" srcset=\"https:\/\/estelaexclusivehomes.com\/wp-content\/uploads\/2020\/03\/Estela-2-928x1024-1-272x300.png 272w, https:\/\/estelaexclusivehomes.com\/wp-content\/uploads\/2020\/03\/Estela-2-928x1024-1-768x847.png 768w, https:\/\/estelaexclusivehomes.com\/wp-content\/uploads\/2020\/03\/Estela-2-928x1024-1.png 928w\" sizes=\"(max-width: 272px) 100vw, 272px\" \/><\/p>\n<p class=\"p1\">Despu\u00e9s de una trayectoria consolidada en Ibiza, en el a\u00f1o 2000 Estela Est\u00e9vez y su hija Sandra Tejero Est\u00e9vez crearon la marca &#8216;EEH&#8217; Estela Exclusive Homes,<span class=\"Apple-converted-space\">\u00a0 <\/span>que ha transmitido en la isla la idea innovadora de \u2018luxury real estate&#8217; centrada principalmente en el segmento m\u00e1s alto del mercado inmobiliario; excelencia, lujo y exclusividad.<\/p>\n<p class=\"p1\">La extensa lista de clientes internacionales de Estela Exclusive Homes confirma su sensibilidad y talento para comprender y satisfacer las necesidades de los clientes m\u00e1s exigentes. El equipo bien establecido encabezado por su hija Sandra est\u00e1 apasionadamente dedicado a la b\u00fasqueda de esa oportunidad \u00fanica y especial que se adapta a los deseos de cada cliente. EEH se ha convertido en la agencia inmobiliaria de referencia para clientes con necesidades \u00fanicas, que requieren los m\u00e1s altos est\u00e1ndares de gesti\u00f3n y la m\u00e1xima discreci\u00f3n.<\/p>\n<p class=\"p1\">Adem\u00e1s de tener una excelente reputaci\u00f3n en la comercializaci\u00f3n de diferentes propiedades, Estela Exclusive Homes tiene un amplio conocimiento del mercado local, un requisito fundamental para la compraventa de propiedades de lujo.<\/p>\n<p class=\"p1\">La experiencia de Estela Exclusive Homes tambi\u00e9n se basa en la gran capacidad de gestionar todos los detalles que caracterizan las transacciones m\u00e1s sofisticadas, y en la coordinaci\u00f3n de un equipo de profesionales experimentados y competentes en diferentes sectores del mercado, desde la compraventa hasta los servicios financieros adyacentes y las herramientas de marketing on y offline.<\/p>\n<p class=\"p1\">Los clientes de Estela Exclusive Homes saben que durante el proceso de compraventa todos los detalles ser\u00e1n atendidos y bajo control constante, garantizando la m\u00e1xima profesionalidad y seriedad.<\/p>\n<p>&nbsp;<\/p>\n<p>&nbsp;<\/p>\n<p>&nbsp;<\/p>\n<p>&nbsp;<\/p>\n","protected":false},"excerpt":{"rendered":"<p>Estela Est\u00e9vez, fundadora de Estela Exclusive Homes, ha trabajado en el sector inmobiliario en Madrid y Baleares durante m\u00e1s de veinte a\u00f1os cumpliendo con un compromiso particular por el estilo y la excelencia, y de esta manera ha creado una forma de trabajar que cuida la relaci\u00f3n de confianza con sus clientes. Despu\u00e9s de una [&#8230;]<\/p>\n<p><a class=\"btn btn-secondary understrap-read-more-link\" href=\"https:\/\/estelaexclusivehomes.com\/es\/a-bit-about-us\/\">Leer m\u00e1s&#8230;<\/a><\/p>\n","protected":false},"author":7,"featured_media":0,"parent":0,"menu_order":0,"comment_status":"closed","ping_status":"closed","template":"a-bit-about-us.php","meta":{"_acf_changed":false,"_joinchat":[],"footnotes":""},"class_list":["post-3737","page","type-page","status-publish","hentry"],"acf":[],"yoast_head":"<!-- This site is optimized with the Yoast SEO plugin v25.5 - https:\/\/yoast.com\/wordpress\/plugins\/seo\/ -->\n<title>Un poco acerca de nosotros - Estela Exclusive Homes<\/title>\n<meta name=\"robots\" content=\"index, follow, max-snippet:-1, max-image-preview:large, max-video-preview:-1\" \/>\n<link rel=\"canonical\" href=\"https:\/\/estelaexclusivehomes.com\/es\/a-bit-about-us\/\" \/>\n<meta property=\"og:locale\" content=\"es_ES\" \/>\n<meta property=\"og:type\" content=\"article\" \/>\n<meta property=\"og:title\" content=\"Un poco acerca de nosotros - Estela Exclusive Homes\" \/>\n<meta property=\"og:description\" content=\"Estela Est\u00e9vez, fundadora de Estela Exclusive Homes, ha trabajado en el sector inmobiliario en Madrid y Baleares durante m\u00e1s de veinte a\u00f1os cumpliendo con un compromiso particular por el estilo y la excelencia, y de esta manera ha creado una forma de trabajar que cuida la relaci\u00f3n de confianza con sus clientes. Despu\u00e9s de una [...]Leer m\u00e1s...\" \/>\n<meta property=\"og:url\" content=\"https:\/\/estelaexclusivehomes.com\/es\/a-bit-about-us\/\" \/>\n<meta property=\"og:site_name\" content=\"Estela Exclusive Homes\" \/>\n<meta property=\"article:publisher\" content=\"https:\/\/www.facebook.com\/forsaleibiza\/\" \/>\n<meta property=\"article:modified_time\" content=\"2023-03-27T10:05:09+00:00\" \/>\n<meta property=\"og:image\" content=\"https:\/\/estelaexclusivehomes.com\/wp-content\/uploads\/2020\/03\/Estela-2-928x1024-1-272x300.png\" \/>\n<meta name=\"twitter:card\" content=\"summary_large_image\" \/>\n<meta name=\"twitter:label1\" content=\"Tiempo de lectura\" \/>\n\t<meta name=\"twitter:data1\" content=\"2 minutos\" \/>\n<script type=\"application\/ld+json\" class=\"yoast-schema-graph\">{\"@context\":\"https:\/\/schema.org\",\"@graph\":[{\"@type\":\"WebPage\",\"@id\":\"https:\/\/estelaexclusivehomes.com\/es\/a-bit-about-us\/\",\"url\":\"https:\/\/estelaexclusivehomes.com\/es\/a-bit-about-us\/\",\"name\":\"Un poco acerca de nosotros - Estela Exclusive Homes\",\"isPartOf\":{\"@id\":\"https:\/\/estelaexclusivehomes.com\/#website\"},\"primaryImageOfPage\":{\"@id\":\"https:\/\/estelaexclusivehomes.com\/es\/a-bit-about-us\/#primaryimage\"},\"image\":{\"@id\":\"https:\/\/estelaexclusivehomes.com\/es\/a-bit-about-us\/#primaryimage\"},\"thumbnailUrl\":\"https:\/\/estelaexclusivehomes.com\/wp-content\/uploads\/2020\/03\/Estela-2-928x1024-1-272x300.png\",\"datePublished\":\"2018-11-08T11:45:25+00:00\",\"dateModified\":\"2023-03-27T10:05:09+00:00\",\"breadcrumb\":{\"@id\":\"https:\/\/estelaexclusivehomes.com\/es\/a-bit-about-us\/#breadcrumb\"},\"inLanguage\":\"es\",\"potentialAction\":[{\"@type\":\"ReadAction\",\"target\":[\"https:\/\/estelaexclusivehomes.com\/es\/a-bit-about-us\/\"]}]},{\"@type\":\"ImageObject\",\"inLanguage\":\"es\",\"@id\":\"https:\/\/estelaexclusivehomes.com\/es\/a-bit-about-us\/#primaryimage\",\"url\":\"https:\/\/estelaexclusivehomes.com\/wp-content\/uploads\/2020\/03\/Estela-2-928x1024-1-272x300.png\",\"contentUrl\":\"https:\/\/estelaexclusivehomes.com\/wp-content\/uploads\/2020\/03\/Estela-2-928x1024-1-272x300.png\"},{\"@type\":\"BreadcrumbList\",\"@id\":\"https:\/\/estelaexclusivehomes.com\/es\/a-bit-about-us\/#breadcrumb\",\"itemListElement\":[{\"@type\":\"ListItem\",\"position\":1,\"name\":\"Home\",\"item\":\"https:\/\/estelaexclusivehomes.com\/es\/\"},{\"@type\":\"ListItem\",\"position\":2,\"name\":\"Un poco acerca de nosotros\"}]},{\"@type\":\"WebSite\",\"@id\":\"https:\/\/estelaexclusivehomes.com\/#website\",\"url\":\"https:\/\/estelaexclusivehomes.com\/\",\"name\":\"Estela Exclusive Homes - Christie's Real Estate\",\"description\":\"\",\"publisher\":{\"@id\":\"https:\/\/estelaexclusivehomes.com\/#organization\"},\"alternateName\":\"Estela Exclusive Homes\",\"potentialAction\":[{\"@type\":\"SearchAction\",\"target\":{\"@type\":\"EntryPoint\",\"urlTemplate\":\"https:\/\/estelaexclusivehomes.com\/?s={search_term_string}\"},\"query-input\":{\"@type\":\"PropertyValueSpecification\",\"valueRequired\":true,\"valueName\":\"search_term_string\"}}],\"inLanguage\":\"es\"},{\"@type\":\"Organization\",\"@id\":\"https:\/\/estelaexclusivehomes.com\/#organization\",\"name\":\"Estela Exclusive Homes - Christie's Real Estate\",\"url\":\"https:\/\/estelaexclusivehomes.com\/\",\"logo\":{\"@type\":\"ImageObject\",\"inLanguage\":\"es\",\"@id\":\"https:\/\/estelaexclusivehomes.com\/#\/schema\/logo\/image\/\",\"url\":\"https:\/\/estelaexclusivehomes.com\/wp-content\/uploads\/2022\/04\/logo-combined-bl_wh-3.png\",\"contentUrl\":\"https:\/\/estelaexclusivehomes.com\/wp-content\/uploads\/2022\/04\/logo-combined-bl_wh-3.png\",\"width\":820,\"height\":264,\"caption\":\"Estela Exclusive Homes - Christie's Real Estate\"},\"image\":{\"@id\":\"https:\/\/estelaexclusivehomes.com\/#\/schema\/logo\/image\/\"},\"sameAs\":[\"https:\/\/www.facebook.com\/forsaleibiza\/\",\"https:\/\/www.instagram.com\/estelaexclusivehomes\/?hl=es\"]}]}<\/script>\n<!-- \/ Yoast SEO plugin. -->","yoast_head_json":{"title":"Un poco acerca de nosotros - Estela Exclusive Homes","robots":{"index":"index","follow":"follow","max-snippet":"max-snippet:-1","max-image-preview":"max-image-preview:large","max-video-preview":"max-video-preview:-1"},"canonical":"https:\/\/estelaexclusivehomes.com\/es\/a-bit-about-us\/","og_locale":"es_ES","og_type":"article","og_title":"Un poco acerca de nosotros - Estela Exclusive Homes","og_description":"Estela Est\u00e9vez, fundadora de Estela Exclusive Homes, ha trabajado en el sector inmobiliario en Madrid y Baleares durante m\u00e1s de veinte a\u00f1os cumpliendo con un compromiso particular por el estilo y la excelencia, y de esta manera ha creado una forma de trabajar que cuida la relaci\u00f3n de confianza con sus clientes. Despu\u00e9s de una [...]Leer m\u00e1s...","og_url":"https:\/\/estelaexclusivehomes.com\/es\/a-bit-about-us\/","og_site_name":"Estela Exclusive Homes","article_publisher":"https:\/\/www.facebook.com\/forsaleibiza\/","article_modified_time":"2023-03-27T10:05:09+00:00","og_image":[{"url":"https:\/\/estelaexclusivehomes.com\/wp-content\/uploads\/2020\/03\/Estela-2-928x1024-1-272x300.png","type":"","width":"","height":""}],"twitter_card":"summary_large_image","twitter_misc":{"Tiempo de lectura":"2 minutos"},"schema":{"@context":"https:\/\/schema.org","@graph":[{"@type":"WebPage","@id":"https:\/\/estelaexclusivehomes.com\/es\/a-bit-about-us\/","url":"https:\/\/estelaexclusivehomes.com\/es\/a-bit-about-us\/","name":"Un poco acerca de nosotros - Estela Exclusive Homes","isPartOf":{"@id":"https:\/\/estelaexclusivehomes.com\/#website"},"primaryImageOfPage":{"@id":"https:\/\/estelaexclusivehomes.com\/es\/a-bit-about-us\/#primaryimage"},"image":{"@id":"https:\/\/estelaexclusivehomes.com\/es\/a-bit-about-us\/#primaryimage"},"thumbnailUrl":"https:\/\/estelaexclusivehomes.com\/wp-content\/uploads\/2020\/03\/Estela-2-928x1024-1-272x300.png","datePublished":"2018-11-08T11:45:25+00:00","dateModified":"2023-03-27T10:05:09+00:00","breadcrumb":{"@id":"https:\/\/estelaexclusivehomes.com\/es\/a-bit-about-us\/#breadcrumb"},"inLanguage":"es","potentialAction":[{"@type":"ReadAction","target":["https:\/\/estelaexclusivehomes.com\/es\/a-bit-about-us\/"]}]},{"@type":"ImageObject","inLanguage":"es","@id":"https:\/\/estelaexclusivehomes.com\/es\/a-bit-about-us\/#primaryimage","url":"https:\/\/estelaexclusivehomes.com\/wp-content\/uploads\/2020\/03\/Estela-2-928x1024-1-272x300.png","contentUrl":"https:\/\/estelaexclusivehomes.com\/wp-content\/uploads\/2020\/03\/Estela-2-928x1024-1-272x300.png"},{"@type":"BreadcrumbList","@id":"https:\/\/estelaexclusivehomes.com\/es\/a-bit-about-us\/#breadcrumb","itemListElement":[{"@type":"ListItem","position":1,"name":"Home","item":"https:\/\/estelaexclusivehomes.com\/es\/"},{"@type":"ListItem","position":2,"name":"Un poco acerca de nosotros"}]},{"@type":"WebSite","@id":"https:\/\/estelaexclusivehomes.com\/#website","url":"https:\/\/estelaexclusivehomes.com\/","name":"Estela Exclusive Homes - Christie's Real Estate","description":"","publisher":{"@id":"https:\/\/estelaexclusivehomes.com\/#organization"},"alternateName":"Estela Exclusive Homes","potentialAction":[{"@type":"SearchAction","target":{"@type":"EntryPoint","urlTemplate":"https:\/\/estelaexclusivehomes.com\/?s={search_term_string}"},"query-input":{"@type":"PropertyValueSpecification","valueRequired":true,"valueName":"search_term_string"}}],"inLanguage":"es"},{"@type":"Organization","@id":"https:\/\/estelaexclusivehomes.com\/#organization","name":"Estela Exclusive Homes - Christie's Real Estate","url":"https:\/\/estelaexclusivehomes.com\/","logo":{"@type":"ImageObject","inLanguage":"es","@id":"https:\/\/estelaexclusivehomes.com\/#\/schema\/logo\/image\/","url":"https:\/\/estelaexclusivehomes.com\/wp-content\/uploads\/2022\/04\/logo-combined-bl_wh-3.png","contentUrl":"https:\/\/estelaexclusivehomes.com\/wp-content\/uploads\/2022\/04\/logo-combined-bl_wh-3.png","width":820,"height":264,"caption":"Estela Exclusive Homes - Christie's Real Estate"},"image":{"@id":"https:\/\/estelaexclusivehomes.com\/#\/schema\/logo\/image\/"},"sameAs":["https:\/\/www.facebook.com\/forsaleibiza\/","https:\/\/www.instagram.com\/estelaexclusivehomes\/?hl=es"]}]}},"_links":{"self":[{"href":"https:\/\/estelaexclusivehomes.com\/es\/wp-json\/wp\/v2\/pages\/3737","targetHints":{"allow":["GET"]}}],"collection":[{"href":"https:\/\/estelaexclusivehomes.com\/es\/wp-json\/wp\/v2\/pages"}],"about":[{"href":"https:\/\/estelaexclusivehomes.com\/es\/wp-json\/wp\/v2\/types\/page"}],"author":[{"embeddable":true,"href":"https:\/\/estelaexclusivehomes.com\/es\/wp-json\/wp\/v2\/users\/7"}],"replies":[{"embeddable":true,"href":"https:\/\/estelaexclusivehomes.com\/es\/wp-json\/wp\/v2\/comments?post=3737"}],"version-history":[{"count":0,"href":"https:\/\/estelaexclusivehomes.com\/es\/wp-json\/wp\/v2\/pages\/3737\/revisions"}],"wp:attachment":[{"href":"https:\/\/estelaexclusivehomes.com\/es\/wp-json\/wp\/v2\/media?parent=3737"}],"curies":[{"name":"wp","href":"https:\/\/api.w.org\/{rel}","templated":true}]}}