{"id":3959,"date":"2019-02-15T08:54:00","date_gmt":"2019-02-15T08:54:00","guid":{"rendered":"http:\/\/localhost\/?page_id=3959"},"modified":"2019-02-15T08:56:10","modified_gmt":"2019-02-15T08:56:10","slug":"trabaja-con-nosotros","status":"publish","type":"page","link":"https:\/\/estelaexclusivehomes.com\/es\/trabaja-con-nosotros\/","title":{"rendered":"Trabaja con nosotros"},"content":{"rendered":"<p class=\"p1\"><strong>\u00bfTe gustar\u00eda trabajar con nosotros?<\/strong><\/p>\n<p class=\"p1\">Aqu\u00ed puedes ver una breve descripci\u00f3n de las caracter\u00edsticas que deber\u00edas tener para formar parte de nuestro equipo.<\/p>\n<p class=\"p1\">Tu perfil<\/p>\n<p class=\"p1\">\u2022<span class=\"Apple-converted-space\">\u00a0 \u00a0 \u00a0 \u00a0 <\/span>Experiencia demostrable en un puesto similar<\/p>\n<p class=\"p1\">\u2022 \u00a0 \u00a0 \u00a0 \u00a0Comercial con talento y entusiasmo por el sector inmobiliario<\/p>\n<p class=\"p1\">\u2022 \u00a0 \u00a0 \u00a0 \u00a0Capacidad para trabajar con gran dedicaci\u00f3n<\/p>\n<p class=\"p1\">\u2022 \u00a0 \u00a0 \u00a0 \u00a0Excelentes habilidades comunicativas, buena presencia e idiomas<\/p>\n<p class=\"p1\">\u2022<span class=\"Apple-converted-space\">\u00a0 \u00a0 \u00a0 \u00a0 <\/span>Conocimientos altos de inform\u00e1tica: Office<\/p>\n<p class=\"p1\">\u2022 \u00a0 \u00a0 \u00a0 \u00a0Capacidad de tratar con clientes exigentes<\/p>\n<p class=\"p1\">\u2022<span class=\"Apple-converted-space\">\u00a0 \u00a0 \u00a0 \u00a0 <\/span>Esp\u00edritu de equipo<\/p>\n<p class=\"p1\">Env\u00edanos tu cv a:<\/p>\n<p class=\"p1\"><a href=\"mailto:info@estelaexclusivehomes.com\">info@estelaexclusivehomes.com<\/a><\/p>\n<p>&nbsp;<\/p>\n","protected":false},"excerpt":{"rendered":"<p>\u00bfTe gustar\u00eda trabajar con nosotros? Aqu\u00ed puedes ver una breve descripci\u00f3n de las caracter\u00edsticas que deber\u00edas tener para formar parte de nuestro equipo. Tu perfil \u2022\u00a0 \u00a0 \u00a0 \u00a0 Experiencia demostrable en un puesto similar \u2022 \u00a0 \u00a0 \u00a0 \u00a0Comercial con talento y entusiasmo por el sector inmobiliario \u2022 \u00a0 \u00a0 \u00a0 \u00a0Capacidad para trabajar [&#8230;]<\/p>\n<p><a class=\"btn btn-secondary understrap-read-more-link\" href=\"https:\/\/estelaexclusivehomes.com\/es\/trabaja-con-nosotros\/\">Leer m\u00e1s&#8230;<\/a><\/p>\n","protected":false},"author":7,"featured_media":0,"parent":0,"menu_order":0,"comment_status":"closed","ping_status":"closed","template":"work-with-us.php","meta":{"_acf_changed":false,"_joinchat":[],"footnotes":""},"class_list":["post-3959","page","type-page","status-publish","hentry"],"acf":[],"yoast_head":"<!-- This site is optimized with the Yoast SEO plugin v25.5 - https:\/\/yoast.com\/wordpress\/plugins\/seo\/ -->\n<title>Trabaja con nosotros - Estela Exclusive Homes<\/title>\n<meta name=\"robots\" content=\"index, follow, max-snippet:-1, max-image-preview:large, max-video-preview:-1\" \/>\n<link rel=\"canonical\" href=\"https:\/\/estelaexclusivehomes.com\/es\/trabaja-con-nosotros\/\" \/>\n<meta property=\"og:locale\" content=\"es_ES\" \/>\n<meta property=\"og:type\" content=\"article\" \/>\n<meta property=\"og:title\" content=\"Trabaja con nosotros - Estela Exclusive Homes\" \/>\n<meta property=\"og:description\" content=\"\u00bfTe gustar\u00eda trabajar con nosotros? Aqu\u00ed puedes ver una breve descripci\u00f3n de las caracter\u00edsticas que deber\u00edas tener para formar parte de nuestro equipo. Tu perfil \u2022\u00a0 \u00a0 \u00a0 \u00a0 Experiencia demostrable en un puesto similar \u2022 \u00a0 \u00a0 \u00a0 \u00a0Comercial con talento y entusiasmo por el sector inmobiliario \u2022 \u00a0 \u00a0 \u00a0 \u00a0Capacidad para trabajar [...]Leer m\u00e1s...\" \/>\n<meta property=\"og:url\" content=\"https:\/\/estelaexclusivehomes.com\/es\/trabaja-con-nosotros\/\" \/>\n<meta property=\"og:site_name\" content=\"Estela Exclusive Homes\" \/>\n<meta property=\"article:publisher\" content=\"https:\/\/www.facebook.com\/forsaleibiza\/\" \/>\n<meta property=\"article:modified_time\" content=\"2019-02-15T08:56:10+00:00\" \/>\n<meta name=\"twitter:card\" content=\"summary_large_image\" \/>\n<script type=\"application\/ld+json\" class=\"yoast-schema-graph\">{\"@context\":\"https:\/\/schema.org\",\"@graph\":[{\"@type\":\"WebPage\",\"@id\":\"https:\/\/estelaexclusivehomes.com\/es\/trabaja-con-nosotros\/\",\"url\":\"https:\/\/estelaexclusivehomes.com\/es\/trabaja-con-nosotros\/\",\"name\":\"Trabaja con nosotros - Estela Exclusive Homes\",\"isPartOf\":{\"@id\":\"https:\/\/estelaexclusivehomes.com\/#website\"},\"datePublished\":\"2019-02-15T08:54:00+00:00\",\"dateModified\":\"2019-02-15T08:56:10+00:00\",\"breadcrumb\":{\"@id\":\"https:\/\/estelaexclusivehomes.com\/es\/trabaja-con-nosotros\/#breadcrumb\"},\"inLanguage\":\"es\",\"potentialAction\":[{\"@type\":\"ReadAction\",\"target\":[\"https:\/\/estelaexclusivehomes.com\/es\/trabaja-con-nosotros\/\"]}]},{\"@type\":\"BreadcrumbList\",\"@id\":\"https:\/\/estelaexclusivehomes.com\/es\/trabaja-con-nosotros\/#breadcrumb\",\"itemListElement\":[{\"@type\":\"ListItem\",\"position\":1,\"name\":\"Home\",\"item\":\"https:\/\/estelaexclusivehomes.com\/es\/\"},{\"@type\":\"ListItem\",\"position\":2,\"name\":\"Trabaja con nosotros\"}]},{\"@type\":\"WebSite\",\"@id\":\"https:\/\/estelaexclusivehomes.com\/#website\",\"url\":\"https:\/\/estelaexclusivehomes.com\/\",\"name\":\"Estela Exclusive Homes - Christie's Real Estate\",\"description\":\"\",\"publisher\":{\"@id\":\"https:\/\/estelaexclusivehomes.com\/#organization\"},\"alternateName\":\"Estela Exclusive Homes\",\"potentialAction\":[{\"@type\":\"SearchAction\",\"target\":{\"@type\":\"EntryPoint\",\"urlTemplate\":\"https:\/\/estelaexclusivehomes.com\/?s={search_term_string}\"},\"query-input\":{\"@type\":\"PropertyValueSpecification\",\"valueRequired\":true,\"valueName\":\"search_term_string\"}}],\"inLanguage\":\"es\"},{\"@type\":\"Organization\",\"@id\":\"https:\/\/estelaexclusivehomes.com\/#organization\",\"name\":\"Estela Exclusive Homes - Christie's Real Estate\",\"url\":\"https:\/\/estelaexclusivehomes.com\/\",\"logo\":{\"@type\":\"ImageObject\",\"inLanguage\":\"es\",\"@id\":\"https:\/\/estelaexclusivehomes.com\/#\/schema\/logo\/image\/\",\"url\":\"https:\/\/estelaexclusivehomes.com\/wp-content\/uploads\/2022\/04\/logo-combined-bl_wh-3.png\",\"contentUrl\":\"https:\/\/estelaexclusivehomes.com\/wp-content\/uploads\/2022\/04\/logo-combined-bl_wh-3.png\",\"width\":820,\"height\":264,\"caption\":\"Estela Exclusive Homes - Christie's Real Estate\"},\"image\":{\"@id\":\"https:\/\/estelaexclusivehomes.com\/#\/schema\/logo\/image\/\"},\"sameAs\":[\"https:\/\/www.facebook.com\/forsaleibiza\/\",\"https:\/\/www.instagram.com\/estelaexclusivehomes\/?hl=es\"]}]}<\/script>\n<!-- \/ Yoast SEO plugin. -->","yoast_head_json":{"title":"Trabaja con nosotros - Estela Exclusive Homes","robots":{"index":"index","follow":"follow","max-snippet":"max-snippet:-1","max-image-preview":"max-image-preview:large","max-video-preview":"max-video-preview:-1"},"canonical":"https:\/\/estelaexclusivehomes.com\/es\/trabaja-con-nosotros\/","og_locale":"es_ES","og_type":"article","og_title":"Trabaja con nosotros - Estela Exclusive Homes","og_description":"\u00bfTe gustar\u00eda trabajar con nosotros? Aqu\u00ed puedes ver una breve descripci\u00f3n de las caracter\u00edsticas que deber\u00edas tener para formar parte de nuestro equipo. Tu perfil \u2022\u00a0 \u00a0 \u00a0 \u00a0 Experiencia demostrable en un puesto similar \u2022 \u00a0 \u00a0 \u00a0 \u00a0Comercial con talento y entusiasmo por el sector inmobiliario \u2022 \u00a0 \u00a0 \u00a0 \u00a0Capacidad para trabajar [...]Leer m\u00e1s...","og_url":"https:\/\/estelaexclusivehomes.com\/es\/trabaja-con-nosotros\/","og_site_name":"Estela Exclusive Homes","article_publisher":"https:\/\/www.facebook.com\/forsaleibiza\/","article_modified_time":"2019-02-15T08:56:10+00:00","twitter_card":"summary_large_image","schema":{"@context":"https:\/\/schema.org","@graph":[{"@type":"WebPage","@id":"https:\/\/estelaexclusivehomes.com\/es\/trabaja-con-nosotros\/","url":"https:\/\/estelaexclusivehomes.com\/es\/trabaja-con-nosotros\/","name":"Trabaja con nosotros - Estela Exclusive Homes","isPartOf":{"@id":"https:\/\/estelaexclusivehomes.com\/#website"},"datePublished":"2019-02-15T08:54:00+00:00","dateModified":"2019-02-15T08:56:10+00:00","breadcrumb":{"@id":"https:\/\/estelaexclusivehomes.com\/es\/trabaja-con-nosotros\/#breadcrumb"},"inLanguage":"es","potentialAction":[{"@type":"ReadAction","target":["https:\/\/estelaexclusivehomes.com\/es\/trabaja-con-nosotros\/"]}]},{"@type":"BreadcrumbList","@id":"https:\/\/estelaexclusivehomes.com\/es\/trabaja-con-nosotros\/#breadcrumb","itemListElement":[{"@type":"ListItem","position":1,"name":"Home","item":"https:\/\/estelaexclusivehomes.com\/es\/"},{"@type":"ListItem","position":2,"name":"Trabaja con nosotros"}]},{"@type":"WebSite","@id":"https:\/\/estelaexclusivehomes.com\/#website","url":"https:\/\/estelaexclusivehomes.com\/","name":"Estela Exclusive Homes - Christie's Real Estate","description":"","publisher":{"@id":"https:\/\/estelaexclusivehomes.com\/#organization"},"alternateName":"Estela Exclusive Homes","potentialAction":[{"@type":"SearchAction","target":{"@type":"EntryPoint","urlTemplate":"https:\/\/estelaexclusivehomes.com\/?s={search_term_string}"},"query-input":{"@type":"PropertyValueSpecification","valueRequired":true,"valueName":"search_term_string"}}],"inLanguage":"es"},{"@type":"Organization","@id":"https:\/\/estelaexclusivehomes.com\/#organization","name":"Estela Exclusive Homes - Christie's Real Estate","url":"https:\/\/estelaexclusivehomes.com\/","logo":{"@type":"ImageObject","inLanguage":"es","@id":"https:\/\/estelaexclusivehomes.com\/#\/schema\/logo\/image\/","url":"https:\/\/estelaexclusivehomes.com\/wp-content\/uploads\/2022\/04\/logo-combined-bl_wh-3.png","contentUrl":"https:\/\/estelaexclusivehomes.com\/wp-content\/uploads\/2022\/04\/logo-combined-bl_wh-3.png","width":820,"height":264,"caption":"Estela Exclusive Homes - Christie's Real Estate"},"image":{"@id":"https:\/\/estelaexclusivehomes.com\/#\/schema\/logo\/image\/"},"sameAs":["https:\/\/www.facebook.com\/forsaleibiza\/","https:\/\/www.instagram.com\/estelaexclusivehomes\/?hl=es"]}]}},"_links":{"self":[{"href":"https:\/\/estelaexclusivehomes.com\/es\/wp-json\/wp\/v2\/pages\/3959","targetHints":{"allow":["GET"]}}],"collection":[{"href":"https:\/\/estelaexclusivehomes.com\/es\/wp-json\/wp\/v2\/pages"}],"about":[{"href":"https:\/\/estelaexclusivehomes.com\/es\/wp-json\/wp\/v2\/types\/page"}],"author":[{"embeddable":true,"href":"https:\/\/estelaexclusivehomes.com\/es\/wp-json\/wp\/v2\/users\/7"}],"replies":[{"embeddable":true,"href":"https:\/\/estelaexclusivehomes.com\/es\/wp-json\/wp\/v2\/comments?post=3959"}],"version-history":[{"count":0,"href":"https:\/\/estelaexclusivehomes.com\/es\/wp-json\/wp\/v2\/pages\/3959\/revisions"}],"wp:attachment":[{"href":"https:\/\/estelaexclusivehomes.com\/es\/wp-json\/wp\/v2\/media?parent=3959"}],"curies":[{"name":"wp","href":"https:\/\/api.w.org\/{rel}","templated":true}]}}