{"id":4699,"date":"2019-02-12T14:59:04","date_gmt":"2019-02-12T13:59:04","guid":{"rendered":"http:\/\/localhost\/?page_id=4699"},"modified":"2022-03-18T12:20:49","modified_gmt":"2022-03-18T11:20:49","slug":"cookies-policy","status":"publish","type":"page","link":"https:\/\/estelaexclusivehomes.com\/es\/cookies-policy\/","title":{"rendered":"Cookies policy"},"content":{"rendered":"<p>&nbsp;<\/p>\n<p style=\"text-align: center;\"><strong>INFORMACI\u00d3N SOBRE COOKIES<\/strong><\/p>\n<p>Conforme con la Ley 34\/2002, de 11 de julio, de servicios de la sociedad de la informaci\u00f3n y de comercio electr\u00f3nico (LSSI), en relaci\u00f3n con el Reglamento (UE) 2016\/679 del Parlamento Europeo y del Consejo, de 27 de abril de 2016, General de Protecci\u00f3n de Datos (GDPR) y la Ley Org\u00e1nica 3\/2018, de 5 de diciembre, de Protecci\u00f3n de Datos y Garant\u00eda de los Derechos Digitales (LOPDGDD), es obligado obtener el consentimiento expreso del usuario de todas las p\u00e1ginas web que usan cookies prescindibles, antes de que este navegue por ellas.<\/p>\n<p>&nbsp;<\/p>\n<p style=\"text-align: center;\"><strong>\u00bfQU\u00c9 SON LAS COOKIES?<\/strong><\/p>\n<p>Las <em>cookies<\/em> y otras tecnolog\u00edas similares tales como local shared objects, flash <em>cookies<\/em> o p\u00edxeles, son herramientas empleadas por los servidores Web para almacenar y recuperar informaci\u00f3n acerca de sus visitantes, as\u00ed como para ofrecer un correcto funcionamiento del sitio.<\/p>\n<p>Mediante el uso de estos dispositivos se permite al servidor Web recordar algunos datos concernientes al usuario, como sus preferencias para la visualizaci\u00f3n de las p\u00e1ginas de ese servidor, nombre y contrase\u00f1a, productos que m\u00e1s le interesan, etc.<\/p>\n<p>&nbsp;<\/p>\n<p style=\"text-align: center;\"><strong>COOKIES AFECTADAS POR LA NORMATIVA Y COOKIES EXCEPTUADAS<\/strong><\/p>\n<p>Seg\u00fan la directiva de la UE, las <em>cookies<\/em> que requieren el consentimiento informado por parte del usuario son las <em>cookies<\/em> de anal\u00edtica y las de publicidad y afiliaci\u00f3n, quedando exceptuadas las de car\u00e1cter t\u00e9cnico y las necesarias para el funcionamiento del sitio web o la prestaci\u00f3n de servicios expresamente solicitados por el usuario.<\/p>\n<p>&nbsp;<\/p>\n<p style=\"text-align: center;\"><strong>TIPOS DE COOKIES<\/strong><\/p>\n<p><strong>SEG\u00daN LA FINALIDAD<\/strong><\/p>\n<ul>\n<li><strong>Cookies t\u00e9cnicas y funcionales:<\/strong> son aquellas que permiten al usuario la navegaci\u00f3n a trav\u00e9s de una p\u00e1gina web, plataforma o aplicaci\u00f3n y la utilizaci\u00f3n de las diferentes opciones o servicios que en ella existan.<\/li>\n<li><strong>Cookies anal\u00edticas:<\/strong> son aquellas que permiten al responsable de las mismas el seguimiento y an\u00e1lisis del comportamiento de los usuarios de los sitios web a los que est\u00e1n vinculadas. La informaci\u00f3n recogida mediante este tipo de cookies se utiliza en la medici\u00f3n de la actividad de los sitios web, aplicaci\u00f3n o plataforma y para la elaboraci\u00f3n de perfiles de navegaci\u00f3n de los usuarios de dichos sitios, aplicaciones y plataformas, con el fin de introducir mejoras en funci\u00f3n del an\u00e1lisis de los datos de uso que hacen los usuarios del servicio.<\/li>\n<li><strong>Cookies publicitarias:<\/strong> son aquellas que permiten la gesti\u00f3n, de la forma m\u00e1s eficaz posible, de los espacios publicitarios que, en su caso, el editor haya incluido en una p\u00e1gina web, aplicaci\u00f3n o plataforma desde la que presta el servicio solicitado en base a criterios como el contenido editado o la frecuencia en la que se muestran los anuncios.<\/li>\n<li><strong>Cookies de publicidad comportamental:<\/strong> recogen informaci\u00f3n sobre las preferencias y elecciones personales del usuario (retargeting) para permitir la gesti\u00f3n, de la forma m\u00e1s eficaz posible, de los espacios publicitarios que, en su caso, el editor haya incluido en una p\u00e1gina web, aplicaci\u00f3n o plataforma desde la que presta el servicio solicitado.<\/li>\n<li><strong>Cookies sociales:<\/strong> son establecidas por las plataformas de redes sociales en los servicios para permitirle compartir contenido con sus amigos y redes. Las plataformas de medios sociales tienen la capacidad de rastrear su actividad en l\u00ednea fuera de los Servicios. Esto puede afectar al contenido y los mensajes que ve en otros servicios que visita.<\/li>\n<li><strong>Cookies de afiliados:<\/strong> permiten hacer un seguimiento de las visitas procedentes de otras webs, con las que el sitio web establece un contrato de afiliaci\u00f3n (empresas de afiliaci\u00f3n).<\/li>\n<li><strong>Cookies de seguridad:<\/strong> almacenan informaci\u00f3n cifrada para evitar que los datos guardados en ellas sean vulnerables a ataques maliciosos de terceros.<\/li>\n<\/ul>\n<p><strong>SEG\u00daN LA PROPIEDAD<\/strong><\/p>\n<ul>\n<li><strong>Cookies propias:<\/strong> son aquellas que se env\u00edan al equipo terminal del usuario desde un equipo o dominio gestionado por el propio editor y desde el que se presta el servicio solicitado por el usuario.<\/li>\n<li><strong>Cookies de terceros:<\/strong> son aquellas que se env\u00edan al equipo terminal del usuario desde un equipo o dominio que no es gestionado por el editor, sino por otra entidad que trata los datos obtenidos trav\u00e9s de las cookies.<\/li>\n<\/ul>\n<p><strong>SEG\u00daN EL PLAZO DE CONSERVACI\u00d3N<\/strong><\/p>\n<ul>\n<li><strong>Cookies de sesi\u00f3n:<\/strong> son un tipo de cookies dise\u00f1adas para recabar y almacenar datos mientras el usuario accede a una p\u00e1gina web.<\/li>\n<li><strong>Cookies persistentes:<\/strong> son un tipo de cookies en el que los datos siguen almacenados en el terminal y pueden ser accedidos y tratados durante un per\u00edodo definido por el responsable de la cookie, y que puede ir de unos minutos a varios a\u00f1os.<\/li>\n<\/ul>\n<p>&nbsp;<\/p>\n<p style=\"text-align: center;\"><strong>TRATAMIENTO DE DATOS PERSONALES<\/strong><\/p>\n<p>SERVIBIZA EXCLUSIVE HOMES SL es el <strong>Responsable del tratamiento<\/strong> de los datos personales del <strong>Interesado<\/strong> y le informa de que estos datos ser\u00e1n tratados de conformidad con lo dispuesto en el Reglamento (UE) 2016\/679, de 27 de abril de 2016 (GDPR), por lo que se le facilita la siguiente informaci\u00f3n del tratamiento:<\/p>\n<p><strong>Fines del tratamiento: <\/strong>seg\u00fan se especifica en el apartado de <em>cookies<\/em> que se utilizan en este sitio web.<\/p>\n<p><strong>Legitimaci\u00f3n del tratamiento:<\/strong> salvo en los casos en los que resulte necesario para la navegaci\u00f3n por la web, por consentimiento del interesado (art. 6.1 GDPR).<\/p>\n<p><strong>Criterios de conservaci\u00f3n de los datos:<\/strong>seg\u00fan se especifica en el apartado de <em>cookies<\/em> utilizadas en la web.<\/p>\n<p><strong>Comunicaci\u00f3n de los datos:<\/strong>no se comunicar\u00e1n los datos a terceros, excepto en cookies propiedad de terceros o por obligaci\u00f3n legal.<\/p>\n<p><strong>Derechos que asisten al Interesado:<\/strong><\/p>\n<ul>\n<li>Derecho a retirar el consentimiento en cualquier momento.<\/li>\n<li>Derecho de acceso, rectificaci\u00f3n, portabilidad y supresi\u00f3n de sus datos, y de limitaci\u00f3n u oposici\u00f3n a su tratamiento.<\/li>\n<li>Derecho a presentar una reclamaci\u00f3n ante la Autoridad de control (www.aepd.es) si considera que el tratamiento no se ajusta a la normativa vigente.<\/li>\n<\/ul>\n<p><strong>Datos de contacto para ejercer sus derechos:<\/strong><\/p>\n<p>SERVIBIZA EXCLUSIVE HOMES SL. Paseo Juan Carlos I, N\u00ba 23 Local 6, &#8211; 07800 Ibiza (Illes Balears). E-mail: <a href=\"mailto:sandra@estelaexclusivehomes.com\">sandra@estelaexclusivehomes.com<\/a><\/p>\n<p>&nbsp;<\/p>\n<p style=\"text-align: center;\"><strong>COOKIES UTILIZADAS EN ESTE SITIO WEB<\/strong><\/p>\n<p class=\"p-2\" style=\"text-align: center; background-color: darkgrey;\"><strong>COOKIES CONTROLADAS POR EL EDITOR<\/strong><\/p>\n<p>&nbsp;<\/p>\n<p class=\"p-2\" style=\"text-align: center; background-color: darkgrey;\"><strong>T\u00e9cnicas y funcionales<\/strong><\/p>\n<table class=\"w-100\">\n<thead>\n<tr style=\"text-align: center; background-color: lightblue;\">\n<th style=\"width: 27.4021%;\">Propiedad<\/th>\n<th style=\"width: 21.7082%;\">Cookie<\/th>\n<th style=\"width: 29.1815%;\">Finalidad<\/th>\n<th style=\"width: 17.4377%;\">Plazo<\/th>\n<\/tr>\n<\/thead>\n<tbody>\n<tr>\n<td>estelaexclusivehomes.com<\/td>\n<td><strong>__cf_bm<\/strong><\/td>\n<td>Cookie necesaria para la utilizaci\u00f3n de las opciones y servicios del sitio web<\/td>\n<td>Sesi\u00f3n<\/td>\n<\/tr>\n<tr>\n<td>estelaexclusivehomes.com<\/td>\n<td><strong>_gat_gtag_UA_47 214196_5<\/strong><\/td>\n<td>Cookie necesaria para la utilizaci\u00f3n de las opciones y servicios del sitio web<\/td>\n<td>Sesi\u00f3n<\/td>\n<\/tr>\n<tr>\n<td>estelaexclusivehomes.com<\/td>\n<td><strong>_icl_current_langu age<\/strong><\/td>\n<td>Se utiliza para recordar el idioma que ha seleccionado el usuario y mostrarle los contenidos en ese mismo idioma a lo largo de su navegaci\u00f3n<\/td>\n<td>en 22 horas<\/td>\n<\/tr>\n<tr>\n<td>estelaexclusivehomes.com<\/td>\n<td><strong>cookie_notice_accepted<\/strong><\/td>\n<td>Cookie necesaria para la utilizaci\u00f3n de las opciones y servicios del sitio web<\/td>\n<td>en un mes<\/td>\n<\/tr>\n<tr>\n<td>estelaexclusivehomes.com<\/td>\n<td><strong>PHPSESSID<\/strong><\/td>\n<td>Cookies generada por las aplicaciones basadas en el lenguaje PHP. Se trata de un identificador de prop\u00f3sito general usado para mantener las variables de sesi\u00f3n de usuario. Normalmente es un n\u00famero generado al azar, c\u00f3mo se utiliza puede ser espec\u00edfica para el sitio, pero un buen ejemplo es el mantenimiento de una sesi\u00f3n iniciada en el estado de un usuario entre las p\u00e1ginas.<\/td>\n<td>Sesi\u00f3n<\/td>\n<\/tr>\n<tr>\n<td>estelaexclusivehomes.com<\/td>\n<td><strong>pum-3773<\/strong><\/td>\n<td>Cookie necesaria para la utilizaci\u00f3n de las opciones y servicios del sitio web.<\/td>\n<td>en 14 dias<\/td>\n<\/tr>\n<tr>\n<td>google.com<\/td>\n<td><strong>_GRECAPTCHA<\/strong><\/td>\n<td>Cookie necesaria para la utilizaci\u00f3n de las opciones y servicios del sitio web.<\/td>\n<td>en 6 meses<\/td>\n<\/tr>\n<tr>\n<td>google.com<\/td>\n<td><strong>CONSENT<\/strong><\/td>\n<td>Rastreador de consentimiento de cookies de Google<\/td>\n<td>en 2 a\u00f1os<\/td>\n<\/tr>\n<tr>\n<td>google.es<\/td>\n<td><strong>CONSENT<\/strong><\/td>\n<td>Rastreador de consentimiento de cookies de Google<\/td>\n<td>en 2 a\u00f1os<\/td>\n<\/tr>\n<\/tbody>\n<\/table>\n<p>&nbsp;<\/p>\n<p class=\"p-2\" style=\"text-align: center; background-color: darkgrey;\"><strong>Anal\u00edticas<\/strong><\/p>\n<table class=\"w-100\">\n<thead>\n<tr style=\"text-align: center; background-color: lightblue;\">\n<th style=\"width: 27.4021%;\">Propiedad<\/th>\n<th style=\"width: 21.7082%;\">Cookie<\/th>\n<th style=\"width: 29.1815%;\">Finalidad<\/th>\n<th style=\"width: 17.4377%;\">Plazo<\/th>\n<\/tr>\n<\/thead>\n<tbody>\n<tr>\n<td>estelaexclusivehomes.com<\/td>\n<td><strong>_ga<\/strong><\/td>\n<td>ID utiliza para identificar a los usuarios<\/td>\n<td>en 2 a\u00f1os<\/td>\n<\/tr>\n<tr>\n<td>estelaexclusivehomes.com<\/td>\n<td><strong>_gid<\/strong><\/td>\n<td>ID utiliza para identificar a los usuarios durante 24 horas despu\u00e9s de la \u00faltima actividad<\/td>\n<td>en 22 horas<\/td>\n<\/tr>\n<\/tbody>\n<\/table>\n<p>&nbsp;<\/p>\n<p class=\"p-2\" style=\"text-align: center; background-color: darkgrey;\"><strong>Publicitarias<\/strong><\/p>\n<table class=\"w-100\">\n<thead>\n<tr style=\"text-align: center; background-color: lightblue;\">\n<th style=\"width: 27.4021%;\">Propiedad<\/th>\n<th style=\"width: 21.7082%;\">Cookie<\/th>\n<th style=\"width: 29.1815%;\">Finalidad<\/th>\n<th style=\"width: 17.4377%;\">Plazo<\/th>\n<\/tr>\n<\/thead>\n<tbody>\n<tr>\n<td>doubleclick.net<\/td>\n<td><strong>IDE<\/strong><\/td>\n<td>Esta cookie se utiliza para la orientaci\u00f3n, el an\u00e1lisis y la optimizaci\u00f3n de las campa\u00f1as publicitarias en DoubleClick \/ Google Marketing Suite<\/td>\n<td>En 11 meses<\/td>\n<\/tr>\n<tr>\n<td>google.com<\/td>\n<td><strong>1P_JAR<\/strong><\/td>\n<td>Estas cookies se establecen a trav\u00e9s de v\u00eddeos de youtube incrustados. Registran los datos estad\u00edsticos an\u00f3nimos sobre, por ejemplo, cu\u00e1ntas veces se reproduce el v\u00eddeo y las configuraciones que se utilizan para la reproducci\u00f3n.<\/td>\n<td>en un mes<\/td>\n<\/tr>\n<tr>\n<td>google.com<\/td>\n<td><strong>NID<\/strong><\/td>\n<td>Estas cookies se utilizan para recopilar estad\u00edsticas del sitio web y rastrear las tasas de conversi\u00f3n y la personalizaci\u00f3n de anuncios de Google<\/td>\n<td>ien 7 meses<\/td>\n<\/tr>\n<tr>\n<td>google.es<\/td>\n<td><strong>NID<\/strong><\/td>\n<td>Estas cookies se utilizan para recopilar estad\u00edsticas del sitio web y rastrear las tasas de conversi\u00f3n y la personalizaci\u00f3n de anuncios de Google<\/td>\n<td>en 6 meses<\/td>\n<\/tr>\n<\/tbody>\n<\/table>\n<p>&nbsp;<\/p>\n<p class=\"p-2\" style=\"text-align: center; background-color: darkgrey;\"><strong>COOKIES DE TERCEROS<\/strong><\/p>\n<p>Los servicios de terceros son ajenos al control del editor. Los proveedores pueden modificar en todo momento sus condiciones de servicio, finalidad y utilizaci\u00f3n de las cookies, etc.<\/p>\n<p><strong>Proveedores externos de este sitio web:<\/strong><\/p>\n<table class=\"w-100\">\n<thead>\n<tr style=\"text-align: center; background-color: lightblue;\">\n<th>Editor<\/th>\n<th>Pol\u00edtica de privacidad<\/th>\n<\/tr>\n<\/thead>\n<tbody>\n<tr>\n<td>DoubleClick\/Google Marketing<\/td>\n<td><a href=\"https:\/\/privacy.google.com\/take-control.html\">https:\/\/privacy.google.com\/take-control.html<\/a><\/td>\n<\/tr>\n<tr>\n<td>Google Analytics<\/td>\n<td><a href=\"https:\/\/privacy.google.com\/take-control.html\">https:\/\/privacy.google.com\/take-control.html<\/a><\/td>\n<\/tr>\n<tr>\n<td>Google<\/td>\n<td><a href=\"https:\/\/privacy.google.com\/take-control.html\">https:\/\/privacy.google.com\/take-control.html<\/a><\/td>\n<\/tr>\n<tr>\n<td>PHP.net<\/td>\n<td><a href=\"https:\/\/www.php.net\/privacy.php\">https:\/\/www.php.net\/privacy.php<\/a><\/td>\n<\/tr>\n<\/tbody>\n<\/table>\n<p>&nbsp;<\/p>\n<p class=\"p-2\" style=\"text-align: center; background-color: darkgrey;\"><strong>C\u00d3MO GESTIONAR LAS COOKIES DESDE EL NAVEGADOR<\/strong><\/p>\n<table class=\"w-100\">\n<tbody>\n<tr>\n<td style=\"width: 25%;\"><strong>Eliminar las cookies del dispositivo<\/strong><\/td>\n<td>Las cookies que ya est\u00e1n en un dispositivo se pueden eliminar borrando el historial del navegador, con lo que se suprimen las cookies de todos los sitios web visitados.<br \/>\nSin embargo, tambi\u00e9n se puede perder parte de la informaci\u00f3n guardada (por ejemplo, los datos de inicio de sesi\u00f3n o las preferencias de sitio web).<\/td>\n<\/tr>\n<tr>\n<td><strong>Gestionar las cookies espec\u00edficas del sitio<\/strong><\/td>\n<td>Para tener un control m\u00e1s preciso de las cookies espec\u00edficas de cada sitio, los usuarios pueden ajustar su configuraci\u00f3n de privacidad y cookies en el navegador.<\/td>\n<\/tr>\n<tr>\n<td><strong>Bloquear las cookies<\/strong><\/td>\n<td>Aunque la mayor\u00eda de los navegadores modernos se pueden configurar para evitar que se instalen cookies en los dispositivos, eso puede obligar al ajuste manual de determinadas preferencias cada vez que se visite un sitio o p\u00e1gina. Adem\u00e1s, algunos servicios y caracter\u00edsticas pueden no funcionar correctamente (por ejemplo, los inicios de sesi\u00f3n con perfil).<\/td>\n<\/tr>\n<\/tbody>\n<\/table>\n<p>&nbsp;<\/p>\n<p class=\"p-2\" style=\"text-align: center; background-color: darkgrey;\"><strong>C\u00d3MO ELIMINAR LAS COOKIES DE LOS NAVEGADORES M\u00c1S COMUNES<\/strong><\/p>\n<table class=\"w-100\">\n<tbody>\n<tr>\n<td style=\"width: 25%;\"><strong>Chrome<\/strong><\/td>\n<td><a href=\"http:\/\/support.google.com\/chrome\/answer\/95647?hl=es\">http:\/\/support.google.com\/chrome\/answer\/95647?hl=es<\/a><\/td>\n<\/tr>\n<tr>\n<td><strong>Edge<\/strong><\/td>\n<td><a href=\"https:\/\/support.microsoft.com\/es-es\/microsoft-edge\/eliminar-las-cookies-en-microsoft-edge-63947406-40ac-c3b8-57b9-2a946a29ae09\">https:\/\/support.microsoft.com\/es-es\/microsoft-edge\/eliminar-las-cookies-en-microsoft-edge-63947406-40ac-c3b8-57b9-2a946a29ae09<\/a><\/td>\n<\/tr>\n<tr>\n<td><strong>Explorer<\/strong><\/td>\n<td><a href=\"https:\/\/support.microsoft.com\/es-es\/help\/278835\/how-to-delete-cookie-files-in-internet-explorer\">https:\/\/support.microsoft.com\/es-es\/help\/278835\/how-to-delete-cookie-files-in-internet-explorer<\/a><\/td>\n<\/tr>\n<tr>\n<td><strong>Firefox<\/strong><\/td>\n<td><a href=\"https:\/\/www.mozilla.org\/es-ES\/privacy\/websites\/#cookies\">https:\/\/www.mozilla.org\/es-ES\/privacy\/websites\/#cookies<\/a><\/td>\n<\/tr>\n<tr>\n<td><strong>Safari<\/strong><\/td>\n<td><a href=\"https:\/\/support.apple.com\/es-es\/guide\/safari\/sfri11471\/mac\">https:\/\/support.apple.com\/es-es\/guide\/safari\/sfri11471\/mac<\/a><\/td>\n<\/tr>\n<tr>\n<td><strong>Opera<\/strong><\/td>\n<td><a href=\"https:\/\/help.opera.com\/en\/latest\/security-and-privacy\/#clearBrowsingData\">https:\/\/help.opera.com\/en\/latest\/security-and-privacy\/#clearBrowsingData<\/a><\/td>\n<\/tr>\n<\/tbody>\n<\/table>\n<style type=\"text\/css\">\ntable, tr, th, td {border-style:solid; border-color:darkgray;border-width:thin; padding: 0.5em}<\/style>\n","protected":false},"excerpt":{"rendered":"<p>&nbsp; INFORMACI\u00d3N SOBRE COOKIES Conforme con la Ley 34\/2002, de 11 de julio, de servicios de la sociedad de la informaci\u00f3n y de comercio electr\u00f3nico (LSSI), en relaci\u00f3n con el Reglamento (UE) 2016\/679 del Parlamento Europeo y del Consejo, de 27 de abril de 2016, General de Protecci\u00f3n de Datos (GDPR) y la Ley Org\u00e1nica [&#8230;]<\/p>\n<p><a class=\"btn btn-secondary understrap-read-more-link\" href=\"https:\/\/estelaexclusivehomes.com\/es\/cookies-policy\/\">Leer m\u00e1s&#8230;<\/a><\/p>\n","protected":false},"author":7,"featured_media":0,"parent":0,"menu_order":0,"comment_status":"closed","ping_status":"closed","template":"","meta":{"_acf_changed":false,"_joinchat":[],"footnotes":""},"class_list":["post-4699","page","type-page","status-publish","hentry"],"acf":[],"yoast_head":"<!-- This site is optimized with the Yoast SEO plugin v25.5 - https:\/\/yoast.com\/wordpress\/plugins\/seo\/ -->\n<title>Cookies policy - Estela Exclusive Homes<\/title>\n<meta name=\"robots\" content=\"index, follow, max-snippet:-1, max-image-preview:large, max-video-preview:-1\" \/>\n<link rel=\"canonical\" href=\"https:\/\/estelaexclusivehomes.com\/es\/cookies-policy\/\" \/>\n<meta property=\"og:locale\" content=\"es_ES\" \/>\n<meta property=\"og:type\" content=\"article\" \/>\n<meta property=\"og:title\" content=\"Cookies policy - Estela Exclusive Homes\" \/>\n<meta property=\"og:description\" content=\"&nbsp; INFORMACI\u00d3N SOBRE COOKIES Conforme con la Ley 34\/2002, de 11 de julio, de servicios de la sociedad de la informaci\u00f3n y de comercio electr\u00f3nico (LSSI), en relaci\u00f3n con el Reglamento (UE) 2016\/679 del Parlamento Europeo y del Consejo, de 27 de abril de 2016, General de Protecci\u00f3n de Datos (GDPR) y la Ley Org\u00e1nica [...]Leer m\u00e1s...\" \/>\n<meta property=\"og:url\" content=\"https:\/\/estelaexclusivehomes.com\/es\/cookies-policy\/\" \/>\n<meta property=\"og:site_name\" content=\"Estela Exclusive Homes\" \/>\n<meta property=\"article:publisher\" content=\"https:\/\/www.facebook.com\/forsaleibiza\/\" \/>\n<meta property=\"article:modified_time\" content=\"2022-03-18T11:20:49+00:00\" \/>\n<meta name=\"twitter:card\" content=\"summary_large_image\" \/>\n<meta name=\"twitter:label1\" content=\"Tiempo de lectura\" \/>\n\t<meta name=\"twitter:data1\" content=\"9 minutos\" \/>\n<script type=\"application\/ld+json\" class=\"yoast-schema-graph\">{\"@context\":\"https:\/\/schema.org\",\"@graph\":[{\"@type\":\"WebPage\",\"@id\":\"https:\/\/estelaexclusivehomes.com\/es\/cookies-policy\/\",\"url\":\"https:\/\/estelaexclusivehomes.com\/es\/cookies-policy\/\",\"name\":\"Cookies policy - Estela Exclusive Homes\",\"isPartOf\":{\"@id\":\"https:\/\/estelaexclusivehomes.com\/#website\"},\"datePublished\":\"2019-02-12T13:59:04+00:00\",\"dateModified\":\"2022-03-18T11:20:49+00:00\",\"breadcrumb\":{\"@id\":\"https:\/\/estelaexclusivehomes.com\/es\/cookies-policy\/#breadcrumb\"},\"inLanguage\":\"es\",\"potentialAction\":[{\"@type\":\"ReadAction\",\"target\":[\"https:\/\/estelaexclusivehomes.com\/es\/cookies-policy\/\"]}]},{\"@type\":\"BreadcrumbList\",\"@id\":\"https:\/\/estelaexclusivehomes.com\/es\/cookies-policy\/#breadcrumb\",\"itemListElement\":[{\"@type\":\"ListItem\",\"position\":1,\"name\":\"Home\",\"item\":\"https:\/\/estelaexclusivehomes.com\/es\/\"},{\"@type\":\"ListItem\",\"position\":2,\"name\":\"Cookies policy\"}]},{\"@type\":\"WebSite\",\"@id\":\"https:\/\/estelaexclusivehomes.com\/#website\",\"url\":\"https:\/\/estelaexclusivehomes.com\/\",\"name\":\"Estela Exclusive Homes - Christie's Real Estate\",\"description\":\"\",\"publisher\":{\"@id\":\"https:\/\/estelaexclusivehomes.com\/#organization\"},\"alternateName\":\"Estela Exclusive Homes\",\"potentialAction\":[{\"@type\":\"SearchAction\",\"target\":{\"@type\":\"EntryPoint\",\"urlTemplate\":\"https:\/\/estelaexclusivehomes.com\/?s={search_term_string}\"},\"query-input\":{\"@type\":\"PropertyValueSpecification\",\"valueRequired\":true,\"valueName\":\"search_term_string\"}}],\"inLanguage\":\"es\"},{\"@type\":\"Organization\",\"@id\":\"https:\/\/estelaexclusivehomes.com\/#organization\",\"name\":\"Estela Exclusive Homes - Christie's Real Estate\",\"url\":\"https:\/\/estelaexclusivehomes.com\/\",\"logo\":{\"@type\":\"ImageObject\",\"inLanguage\":\"es\",\"@id\":\"https:\/\/estelaexclusivehomes.com\/#\/schema\/logo\/image\/\",\"url\":\"https:\/\/estelaexclusivehomes.com\/wp-content\/uploads\/2022\/04\/logo-combined-bl_wh-3.png\",\"contentUrl\":\"https:\/\/estelaexclusivehomes.com\/wp-content\/uploads\/2022\/04\/logo-combined-bl_wh-3.png\",\"width\":820,\"height\":264,\"caption\":\"Estela Exclusive Homes - Christie's Real Estate\"},\"image\":{\"@id\":\"https:\/\/estelaexclusivehomes.com\/#\/schema\/logo\/image\/\"},\"sameAs\":[\"https:\/\/www.facebook.com\/forsaleibiza\/\",\"https:\/\/www.instagram.com\/estelaexclusivehomes\/?hl=es\"]}]}<\/script>\n<!-- \/ Yoast SEO plugin. -->","yoast_head_json":{"title":"Cookies policy - Estela Exclusive Homes","robots":{"index":"index","follow":"follow","max-snippet":"max-snippet:-1","max-image-preview":"max-image-preview:large","max-video-preview":"max-video-preview:-1"},"canonical":"https:\/\/estelaexclusivehomes.com\/es\/cookies-policy\/","og_locale":"es_ES","og_type":"article","og_title":"Cookies policy - Estela Exclusive Homes","og_description":"&nbsp; INFORMACI\u00d3N SOBRE COOKIES Conforme con la Ley 34\/2002, de 11 de julio, de servicios de la sociedad de la informaci\u00f3n y de comercio electr\u00f3nico (LSSI), en relaci\u00f3n con el Reglamento (UE) 2016\/679 del Parlamento Europeo y del Consejo, de 27 de abril de 2016, General de Protecci\u00f3n de Datos (GDPR) y la Ley Org\u00e1nica [...]Leer m\u00e1s...","og_url":"https:\/\/estelaexclusivehomes.com\/es\/cookies-policy\/","og_site_name":"Estela Exclusive Homes","article_publisher":"https:\/\/www.facebook.com\/forsaleibiza\/","article_modified_time":"2022-03-18T11:20:49+00:00","twitter_card":"summary_large_image","twitter_misc":{"Tiempo de lectura":"9 minutos"},"schema":{"@context":"https:\/\/schema.org","@graph":[{"@type":"WebPage","@id":"https:\/\/estelaexclusivehomes.com\/es\/cookies-policy\/","url":"https:\/\/estelaexclusivehomes.com\/es\/cookies-policy\/","name":"Cookies policy - Estela Exclusive Homes","isPartOf":{"@id":"https:\/\/estelaexclusivehomes.com\/#website"},"datePublished":"2019-02-12T13:59:04+00:00","dateModified":"2022-03-18T11:20:49+00:00","breadcrumb":{"@id":"https:\/\/estelaexclusivehomes.com\/es\/cookies-policy\/#breadcrumb"},"inLanguage":"es","potentialAction":[{"@type":"ReadAction","target":["https:\/\/estelaexclusivehomes.com\/es\/cookies-policy\/"]}]},{"@type":"BreadcrumbList","@id":"https:\/\/estelaexclusivehomes.com\/es\/cookies-policy\/#breadcrumb","itemListElement":[{"@type":"ListItem","position":1,"name":"Home","item":"https:\/\/estelaexclusivehomes.com\/es\/"},{"@type":"ListItem","position":2,"name":"Cookies policy"}]},{"@type":"WebSite","@id":"https:\/\/estelaexclusivehomes.com\/#website","url":"https:\/\/estelaexclusivehomes.com\/","name":"Estela Exclusive Homes - Christie's Real Estate","description":"","publisher":{"@id":"https:\/\/estelaexclusivehomes.com\/#organization"},"alternateName":"Estela Exclusive Homes","potentialAction":[{"@type":"SearchAction","target":{"@type":"EntryPoint","urlTemplate":"https:\/\/estelaexclusivehomes.com\/?s={search_term_string}"},"query-input":{"@type":"PropertyValueSpecification","valueRequired":true,"valueName":"search_term_string"}}],"inLanguage":"es"},{"@type":"Organization","@id":"https:\/\/estelaexclusivehomes.com\/#organization","name":"Estela Exclusive Homes - Christie's Real Estate","url":"https:\/\/estelaexclusivehomes.com\/","logo":{"@type":"ImageObject","inLanguage":"es","@id":"https:\/\/estelaexclusivehomes.com\/#\/schema\/logo\/image\/","url":"https:\/\/estelaexclusivehomes.com\/wp-content\/uploads\/2022\/04\/logo-combined-bl_wh-3.png","contentUrl":"https:\/\/estelaexclusivehomes.com\/wp-content\/uploads\/2022\/04\/logo-combined-bl_wh-3.png","width":820,"height":264,"caption":"Estela Exclusive Homes - Christie's Real Estate"},"image":{"@id":"https:\/\/estelaexclusivehomes.com\/#\/schema\/logo\/image\/"},"sameAs":["https:\/\/www.facebook.com\/forsaleibiza\/","https:\/\/www.instagram.com\/estelaexclusivehomes\/?hl=es"]}]}},"_links":{"self":[{"href":"https:\/\/estelaexclusivehomes.com\/es\/wp-json\/wp\/v2\/pages\/4699","targetHints":{"allow":["GET"]}}],"collection":[{"href":"https:\/\/estelaexclusivehomes.com\/es\/wp-json\/wp\/v2\/pages"}],"about":[{"href":"https:\/\/estelaexclusivehomes.com\/es\/wp-json\/wp\/v2\/types\/page"}],"author":[{"embeddable":true,"href":"https:\/\/estelaexclusivehomes.com\/es\/wp-json\/wp\/v2\/users\/7"}],"replies":[{"embeddable":true,"href":"https:\/\/estelaexclusivehomes.com\/es\/wp-json\/wp\/v2\/comments?post=4699"}],"version-history":[{"count":0,"href":"https:\/\/estelaexclusivehomes.com\/es\/wp-json\/wp\/v2\/pages\/4699\/revisions"}],"wp:attachment":[{"href":"https:\/\/estelaexclusivehomes.com\/es\/wp-json\/wp\/v2\/media?parent=4699"}],"curies":[{"name":"wp","href":"https:\/\/api.w.org\/{rel}","templated":true}]}}