{"id":3944,"date":"2018-11-08T12:45:25","date_gmt":"2018-11-08T11:45:25","guid":{"rendered":"http:\/\/localhost\/?page_id=3944"},"modified":"2023-03-27T11:05:40","modified_gmt":"2023-03-27T10:05:40","slug":"a-bit-about-us","status":"publish","type":"page","link":"https:\/\/estelaexclusivehomes.com\/fr\/a-bit-about-us\/","title":{"rendered":"Un peu de nous"},"content":{"rendered":"<p class=\"p1\">Estela Est\u00e9vez, fondatrice d&#8217;Estela Exclusive Homes, travaille depuis plus de vingt ans dans le secteur immobilier \u00e0 Madrid et aux \u00celes Bal\u00e9ares, avec un engagement particulier en faveur du style et de l&#8217;excellence. Elle a ainsi cr\u00e9\u00e9 une mani\u00e8re de travailler qui prend en charge une relation de confiance avec les clients.<\/p>\n<p><img decoding=\"async\" class=\"estela wp-image-22761 size-medium alignleft\" style=\"margin-right: 2%;\" src=\"https:\/\/estelaexclusivehomes.com\/wp-content\/uploads\/2020\/03\/Estela-2-928x1024-1-272x300.png\" alt=\"\" width=\"272\" height=\"300\" srcset=\"https:\/\/estelaexclusivehomes.com\/wp-content\/uploads\/2020\/03\/Estela-2-928x1024-1-272x300.png 272w, https:\/\/estelaexclusivehomes.com\/wp-content\/uploads\/2020\/03\/Estela-2-928x1024-1-768x847.png 768w, https:\/\/estelaexclusivehomes.com\/wp-content\/uploads\/2020\/03\/Estela-2-928x1024-1.png 928w\" sizes=\"(max-width: 272px) 100vw, 272px\" \/><\/p>\n<p class=\"p1\">Apr\u00e8s une carri\u00e8re bien \u00e9tablie \u00e0 Ibiza, Estela Est\u00e9vez et sa fille Sandra Tejero Est\u00e9vez ont cr\u00e9\u00e9 en 2000 la marque \u00abEEH\u00bb Estela Exclusive Homes, qui a transmis sur l&#8217;\u00eele l&#8217;id\u00e9e innovante de \u00abl&#8217;immobilier de luxe\u00bb principalement ax\u00e9e sur le segment le plus haut du march\u00e9 immobilier; excellence, luxe et exclusivit\u00e9.<\/p>\n<p class=\"p1\">La longue liste de clients internationaux d&#8217;Estela Exclusive Homes confirme sa sensibilit\u00e9 et son talent pour comprendre et satisfaire les besoins des clients les plus exigeants. L\u2019\u00e9quipe dirig\u00e9e par sa fille Sandra est passionn\u00e9ment attach\u00e9e \u00e0 la recherche de cette opportunit\u00e9 unique et sp\u00e9ciale qui s\u2019adapte aux souhaits de chaque client. EEH est devenue l&#8217;agence immobili\u00e8re de r\u00e9f\u00e9rence pour les clients ayant des besoins uniques, qui exigent les normes de gestion les plus strictes et une discr\u00e9tion absolue.<\/p>\n<p class=\"p1\">En plus d&#8217;avoir une excellente r\u00e9putation dans la commercialisation de diff\u00e9rentes propri\u00e9t\u00e9s, Estela Exclusive Homes poss\u00e8de une enorme connaissance du march\u00e9 local, une exigence fondamentale pour l&#8217;achat et la vente de propri\u00e9t\u00e9s de luxe.<\/p>\n<p class=\"p1\">L\u2019exp\u00e9rience d\u2019Estela Exclusive Homes repose \u00e9galement sur la grande capacit\u00e9 de g\u00e9rer tous les d\u00e9tails qui caract\u00e9risent les transactions les plus sophistiqu\u00e9es et sur la coordination d\u2019une \u00e9quipe de professionnels exp\u00e9riment\u00e9s et comp\u00e9tents dans les diff\u00e9rents secteurs du march\u00e9, de l\u2019achat aux services financiers, en passant par la vente.<\/p>\n<p class=\"p1\">Les clients d&#8217;Estela Exclusive Homes savent que lors du processus d&#8217;achat, tous les d\u00e9tails seront pris en charge et sous contr\u00f4le permanent, garantissant ainsi un maximum de professionnalisme<\/p>\n<p>&nbsp;<\/p>\n<p>&nbsp;<\/p>\n<p>&nbsp;<\/p>\n<p>&nbsp;<\/p>\n","protected":false},"excerpt":{"rendered":"<p>Estela Est\u00e9vez, fondatrice d&#8217;Estela Exclusive Homes, travaille depuis plus de vingt ans dans le secteur immobilier \u00e0 Madrid et aux \u00celes Bal\u00e9ares, avec un engagement particulier en faveur du style et de l&#8217;excellence. Elle a ainsi cr\u00e9\u00e9 une mani\u00e8re de travailler qui prend en charge une relation de confiance avec les clients. Apr\u00e8s une carri\u00e8re [&#8230;]<\/p>\n<p><a class=\"btn btn-secondary understrap-read-more-link\" href=\"https:\/\/estelaexclusivehomes.com\/fr\/a-bit-about-us\/\">Lire la suite&#8230;<\/a><\/p>\n","protected":false},"author":7,"featured_media":0,"parent":0,"menu_order":0,"comment_status":"closed","ping_status":"closed","template":"a-bit-about-us.php","meta":{"_acf_changed":false,"_joinchat":[],"footnotes":""},"class_list":["post-3944","page","type-page","status-publish","hentry"],"acf":[],"yoast_head":"<!-- This site is optimized with the Yoast SEO plugin v25.5 - https:\/\/yoast.com\/wordpress\/plugins\/seo\/ -->\n<title>Un peu de nous - Estela Exclusive Homes<\/title>\n<meta name=\"robots\" content=\"index, follow, max-snippet:-1, max-image-preview:large, max-video-preview:-1\" \/>\n<link rel=\"canonical\" href=\"https:\/\/estelaexclusivehomes.com\/fr\/a-bit-about-us\/\" \/>\n<meta property=\"og:locale\" content=\"fr_FR\" \/>\n<meta property=\"og:type\" content=\"article\" \/>\n<meta property=\"og:title\" content=\"Un peu de nous - Estela Exclusive Homes\" \/>\n<meta property=\"og:description\" content=\"Estela Est\u00e9vez, fondatrice d&#8217;Estela Exclusive Homes, travaille depuis plus de vingt ans dans le secteur immobilier \u00e0 Madrid et aux \u00celes Bal\u00e9ares, avec un engagement particulier en faveur du style et de l&#8217;excellence. Elle a ainsi cr\u00e9\u00e9 une mani\u00e8re de travailler qui prend en charge une relation de confiance avec les clients. Apr\u00e8s une carri\u00e8re [...]Lire la suite...\" \/>\n<meta property=\"og:url\" content=\"https:\/\/estelaexclusivehomes.com\/fr\/a-bit-about-us\/\" \/>\n<meta property=\"og:site_name\" content=\"Estela Exclusive Homes\" \/>\n<meta property=\"article:publisher\" content=\"https:\/\/www.facebook.com\/forsaleibiza\/\" \/>\n<meta property=\"article:modified_time\" content=\"2023-03-27T10:05:40+00:00\" \/>\n<meta property=\"og:image\" content=\"https:\/\/estelaexclusivehomes.com\/wp-content\/uploads\/2020\/03\/Estela-2-928x1024-1-272x300.png\" \/>\n<meta name=\"twitter:card\" content=\"summary_large_image\" \/>\n<meta name=\"twitter:label1\" content=\"Dur\u00e9e de lecture estim\u00e9e\" \/>\n\t<meta name=\"twitter:data1\" content=\"2 minutes\" \/>\n<script type=\"application\/ld+json\" class=\"yoast-schema-graph\">{\"@context\":\"https:\/\/schema.org\",\"@graph\":[{\"@type\":\"WebPage\",\"@id\":\"https:\/\/estelaexclusivehomes.com\/fr\/a-bit-about-us\/\",\"url\":\"https:\/\/estelaexclusivehomes.com\/fr\/a-bit-about-us\/\",\"name\":\"Un peu de nous - Estela Exclusive Homes\",\"isPartOf\":{\"@id\":\"https:\/\/estelaexclusivehomes.com\/#website\"},\"primaryImageOfPage\":{\"@id\":\"https:\/\/estelaexclusivehomes.com\/fr\/a-bit-about-us\/#primaryimage\"},\"image\":{\"@id\":\"https:\/\/estelaexclusivehomes.com\/fr\/a-bit-about-us\/#primaryimage\"},\"thumbnailUrl\":\"https:\/\/estelaexclusivehomes.com\/wp-content\/uploads\/2020\/03\/Estela-2-928x1024-1-272x300.png\",\"datePublished\":\"2018-11-08T11:45:25+00:00\",\"dateModified\":\"2023-03-27T10:05:40+00:00\",\"breadcrumb\":{\"@id\":\"https:\/\/estelaexclusivehomes.com\/fr\/a-bit-about-us\/#breadcrumb\"},\"inLanguage\":\"fr-FR\",\"potentialAction\":[{\"@type\":\"ReadAction\",\"target\":[\"https:\/\/estelaexclusivehomes.com\/fr\/a-bit-about-us\/\"]}]},{\"@type\":\"ImageObject\",\"inLanguage\":\"fr-FR\",\"@id\":\"https:\/\/estelaexclusivehomes.com\/fr\/a-bit-about-us\/#primaryimage\",\"url\":\"https:\/\/estelaexclusivehomes.com\/wp-content\/uploads\/2020\/03\/Estela-2-928x1024-1-272x300.png\",\"contentUrl\":\"https:\/\/estelaexclusivehomes.com\/wp-content\/uploads\/2020\/03\/Estela-2-928x1024-1-272x300.png\"},{\"@type\":\"BreadcrumbList\",\"@id\":\"https:\/\/estelaexclusivehomes.com\/fr\/a-bit-about-us\/#breadcrumb\",\"itemListElement\":[{\"@type\":\"ListItem\",\"position\":1,\"name\":\"Home\",\"item\":\"https:\/\/estelaexclusivehomes.com\/fr\/\"},{\"@type\":\"ListItem\",\"position\":2,\"name\":\"Un peu de nous\"}]},{\"@type\":\"WebSite\",\"@id\":\"https:\/\/estelaexclusivehomes.com\/#website\",\"url\":\"https:\/\/estelaexclusivehomes.com\/\",\"name\":\"Estela Exclusive Homes - Christie's Real Estate\",\"description\":\"\",\"publisher\":{\"@id\":\"https:\/\/estelaexclusivehomes.com\/#organization\"},\"alternateName\":\"Estela Exclusive Homes\",\"potentialAction\":[{\"@type\":\"SearchAction\",\"target\":{\"@type\":\"EntryPoint\",\"urlTemplate\":\"https:\/\/estelaexclusivehomes.com\/?s={search_term_string}\"},\"query-input\":{\"@type\":\"PropertyValueSpecification\",\"valueRequired\":true,\"valueName\":\"search_term_string\"}}],\"inLanguage\":\"fr-FR\"},{\"@type\":\"Organization\",\"@id\":\"https:\/\/estelaexclusivehomes.com\/#organization\",\"name\":\"Estela Exclusive Homes - Christie's Real Estate\",\"url\":\"https:\/\/estelaexclusivehomes.com\/\",\"logo\":{\"@type\":\"ImageObject\",\"inLanguage\":\"fr-FR\",\"@id\":\"https:\/\/estelaexclusivehomes.com\/#\/schema\/logo\/image\/\",\"url\":\"https:\/\/estelaexclusivehomes.com\/wp-content\/uploads\/2022\/04\/logo-combined-bl_wh-3.png\",\"contentUrl\":\"https:\/\/estelaexclusivehomes.com\/wp-content\/uploads\/2022\/04\/logo-combined-bl_wh-3.png\",\"width\":820,\"height\":264,\"caption\":\"Estela Exclusive Homes - Christie's Real Estate\"},\"image\":{\"@id\":\"https:\/\/estelaexclusivehomes.com\/#\/schema\/logo\/image\/\"},\"sameAs\":[\"https:\/\/www.facebook.com\/forsaleibiza\/\",\"https:\/\/www.instagram.com\/estelaexclusivehomes\/?hl=es\"]}]}<\/script>\n<!-- \/ Yoast SEO plugin. -->","yoast_head_json":{"title":"Un peu de nous - Estela Exclusive Homes","robots":{"index":"index","follow":"follow","max-snippet":"max-snippet:-1","max-image-preview":"max-image-preview:large","max-video-preview":"max-video-preview:-1"},"canonical":"https:\/\/estelaexclusivehomes.com\/fr\/a-bit-about-us\/","og_locale":"fr_FR","og_type":"article","og_title":"Un peu de nous - Estela Exclusive Homes","og_description":"Estela Est\u00e9vez, fondatrice d&#8217;Estela Exclusive Homes, travaille depuis plus de vingt ans dans le secteur immobilier \u00e0 Madrid et aux \u00celes Bal\u00e9ares, avec un engagement particulier en faveur du style et de l&#8217;excellence. Elle a ainsi cr\u00e9\u00e9 une mani\u00e8re de travailler qui prend en charge une relation de confiance avec les clients. Apr\u00e8s une carri\u00e8re [...]Lire la suite...","og_url":"https:\/\/estelaexclusivehomes.com\/fr\/a-bit-about-us\/","og_site_name":"Estela Exclusive Homes","article_publisher":"https:\/\/www.facebook.com\/forsaleibiza\/","article_modified_time":"2023-03-27T10:05:40+00:00","og_image":[{"url":"https:\/\/estelaexclusivehomes.com\/wp-content\/uploads\/2020\/03\/Estela-2-928x1024-1-272x300.png","type":"","width":"","height":""}],"twitter_card":"summary_large_image","twitter_misc":{"Dur\u00e9e de lecture estim\u00e9e":"2 minutes"},"schema":{"@context":"https:\/\/schema.org","@graph":[{"@type":"WebPage","@id":"https:\/\/estelaexclusivehomes.com\/fr\/a-bit-about-us\/","url":"https:\/\/estelaexclusivehomes.com\/fr\/a-bit-about-us\/","name":"Un peu de nous - Estela Exclusive Homes","isPartOf":{"@id":"https:\/\/estelaexclusivehomes.com\/#website"},"primaryImageOfPage":{"@id":"https:\/\/estelaexclusivehomes.com\/fr\/a-bit-about-us\/#primaryimage"},"image":{"@id":"https:\/\/estelaexclusivehomes.com\/fr\/a-bit-about-us\/#primaryimage"},"thumbnailUrl":"https:\/\/estelaexclusivehomes.com\/wp-content\/uploads\/2020\/03\/Estela-2-928x1024-1-272x300.png","datePublished":"2018-11-08T11:45:25+00:00","dateModified":"2023-03-27T10:05:40+00:00","breadcrumb":{"@id":"https:\/\/estelaexclusivehomes.com\/fr\/a-bit-about-us\/#breadcrumb"},"inLanguage":"fr-FR","potentialAction":[{"@type":"ReadAction","target":["https:\/\/estelaexclusivehomes.com\/fr\/a-bit-about-us\/"]}]},{"@type":"ImageObject","inLanguage":"fr-FR","@id":"https:\/\/estelaexclusivehomes.com\/fr\/a-bit-about-us\/#primaryimage","url":"https:\/\/estelaexclusivehomes.com\/wp-content\/uploads\/2020\/03\/Estela-2-928x1024-1-272x300.png","contentUrl":"https:\/\/estelaexclusivehomes.com\/wp-content\/uploads\/2020\/03\/Estela-2-928x1024-1-272x300.png"},{"@type":"BreadcrumbList","@id":"https:\/\/estelaexclusivehomes.com\/fr\/a-bit-about-us\/#breadcrumb","itemListElement":[{"@type":"ListItem","position":1,"name":"Home","item":"https:\/\/estelaexclusivehomes.com\/fr\/"},{"@type":"ListItem","position":2,"name":"Un peu de nous"}]},{"@type":"WebSite","@id":"https:\/\/estelaexclusivehomes.com\/#website","url":"https:\/\/estelaexclusivehomes.com\/","name":"Estela Exclusive Homes - Christie's Real Estate","description":"","publisher":{"@id":"https:\/\/estelaexclusivehomes.com\/#organization"},"alternateName":"Estela Exclusive Homes","potentialAction":[{"@type":"SearchAction","target":{"@type":"EntryPoint","urlTemplate":"https:\/\/estelaexclusivehomes.com\/?s={search_term_string}"},"query-input":{"@type":"PropertyValueSpecification","valueRequired":true,"valueName":"search_term_string"}}],"inLanguage":"fr-FR"},{"@type":"Organization","@id":"https:\/\/estelaexclusivehomes.com\/#organization","name":"Estela Exclusive Homes - Christie's Real Estate","url":"https:\/\/estelaexclusivehomes.com\/","logo":{"@type":"ImageObject","inLanguage":"fr-FR","@id":"https:\/\/estelaexclusivehomes.com\/#\/schema\/logo\/image\/","url":"https:\/\/estelaexclusivehomes.com\/wp-content\/uploads\/2022\/04\/logo-combined-bl_wh-3.png","contentUrl":"https:\/\/estelaexclusivehomes.com\/wp-content\/uploads\/2022\/04\/logo-combined-bl_wh-3.png","width":820,"height":264,"caption":"Estela Exclusive Homes - Christie's Real Estate"},"image":{"@id":"https:\/\/estelaexclusivehomes.com\/#\/schema\/logo\/image\/"},"sameAs":["https:\/\/www.facebook.com\/forsaleibiza\/","https:\/\/www.instagram.com\/estelaexclusivehomes\/?hl=es"]}]}},"_links":{"self":[{"href":"https:\/\/estelaexclusivehomes.com\/fr\/wp-json\/wp\/v2\/pages\/3944","targetHints":{"allow":["GET"]}}],"collection":[{"href":"https:\/\/estelaexclusivehomes.com\/fr\/wp-json\/wp\/v2\/pages"}],"about":[{"href":"https:\/\/estelaexclusivehomes.com\/fr\/wp-json\/wp\/v2\/types\/page"}],"author":[{"embeddable":true,"href":"https:\/\/estelaexclusivehomes.com\/fr\/wp-json\/wp\/v2\/users\/7"}],"replies":[{"embeddable":true,"href":"https:\/\/estelaexclusivehomes.com\/fr\/wp-json\/wp\/v2\/comments?post=3944"}],"version-history":[{"count":0,"href":"https:\/\/estelaexclusivehomes.com\/fr\/wp-json\/wp\/v2\/pages\/3944\/revisions"}],"wp:attachment":[{"href":"https:\/\/estelaexclusivehomes.com\/fr\/wp-json\/wp\/v2\/media?parent=3944"}],"curies":[{"name":"wp","href":"https:\/\/api.w.org\/{rel}","templated":true}]}}