{"id":3961,"date":"2019-02-15T08:57:36","date_gmt":"2019-02-15T08:57:36","guid":{"rendered":"http:\/\/localhost\/?page_id=3961"},"modified":"2019-02-15T08:57:36","modified_gmt":"2019-02-15T08:57:36","slug":"travailler-avec-nous","status":"publish","type":"page","link":"https:\/\/estelaexclusivehomes.com\/fr\/travailler-avec-nous\/","title":{"rendered":"Travailler avec nous"},"content":{"rendered":"<p class=\"p1\"><strong>Voudriez-vous travailler avec nous?<\/strong><\/p>\n<p class=\"p1\">Ici vous pouvez voir une br\u00e8ve description des caract\u00e9ristiques que vous devriez avoir pour faire partie de notre \u00e9quipe.<\/p>\n<p class=\"p1\">Votre profil<\/p>\n<p class=\"p1\">Exp\u00e9rience d\u00e9montrable dans un poste similaire<\/p>\n<p class=\"p1\">Commercial avec talent et enthousiasme pour le secteur immobilier<\/p>\n<p class=\"p1\">Capacit\u00e9 \u00e0 travailler avec beaucoup de d\u00e9vouement<\/p>\n<p class=\"p1\">Excellentes comp\u00e9tences en communication, bonne pr\u00e9sence et langues<\/p>\n<p class=\"p1\">Hautes comp\u00e9tences informatiques<\/p>\n<p class=\"p1\">Capacit\u00e9 \u00e0 traiter avec des clients exigeants<\/p>\n<p class=\"p1\">L&#8217;esprit d&#8217;\u00e9quipe<\/p>\n<p class=\"p1\">Envoyez-nous votre cv \u00e0:Envoyez nous votre cv a:<\/p>\n<p class=\"p1\"><a href=\"mailto:info@estelaexclusivehomes.com\">info@estelaexclusivehomes.com<\/a><\/p>\n<p>&nbsp;<\/p>\n","protected":false},"excerpt":{"rendered":"<p>Voudriez-vous travailler avec nous? Ici vous pouvez voir une br\u00e8ve description des caract\u00e9ristiques que vous devriez avoir pour faire partie de notre \u00e9quipe. Votre profil Exp\u00e9rience d\u00e9montrable dans un poste similaire Commercial avec talent et enthousiasme pour le secteur immobilier Capacit\u00e9 \u00e0 travailler avec beaucoup de d\u00e9vouement Excellentes comp\u00e9tences en communication, bonne pr\u00e9sence et langues [&#8230;]<\/p>\n<p><a class=\"btn btn-secondary understrap-read-more-link\" href=\"https:\/\/estelaexclusivehomes.com\/fr\/travailler-avec-nous\/\">Lire la suite&#8230;<\/a><\/p>\n","protected":false},"author":7,"featured_media":0,"parent":0,"menu_order":0,"comment_status":"closed","ping_status":"closed","template":"work-with-us.php","meta":{"_acf_changed":false,"_joinchat":[],"footnotes":""},"class_list":["post-3961","page","type-page","status-publish","hentry"],"acf":[],"yoast_head":"<!-- This site is optimized with the Yoast SEO plugin v25.5 - https:\/\/yoast.com\/wordpress\/plugins\/seo\/ -->\n<title>Travailler avec nous - Estela Exclusive Homes<\/title>\n<meta name=\"robots\" content=\"index, follow, max-snippet:-1, max-image-preview:large, max-video-preview:-1\" \/>\n<link rel=\"canonical\" href=\"https:\/\/estelaexclusivehomes.com\/fr\/travailler-avec-nous\/\" \/>\n<meta property=\"og:locale\" content=\"fr_FR\" \/>\n<meta property=\"og:type\" content=\"article\" \/>\n<meta property=\"og:title\" content=\"Travailler avec nous - Estela Exclusive Homes\" \/>\n<meta property=\"og:description\" content=\"Voudriez-vous travailler avec nous? Ici vous pouvez voir une br\u00e8ve description des caract\u00e9ristiques que vous devriez avoir pour faire partie de notre \u00e9quipe. Votre profil Exp\u00e9rience d\u00e9montrable dans un poste similaire Commercial avec talent et enthousiasme pour le secteur immobilier Capacit\u00e9 \u00e0 travailler avec beaucoup de d\u00e9vouement Excellentes comp\u00e9tences en communication, bonne pr\u00e9sence et langues [...]Lire la suite...\" \/>\n<meta property=\"og:url\" content=\"https:\/\/estelaexclusivehomes.com\/fr\/travailler-avec-nous\/\" \/>\n<meta property=\"og:site_name\" content=\"Estela Exclusive Homes\" \/>\n<meta property=\"article:publisher\" content=\"https:\/\/www.facebook.com\/forsaleibiza\/\" \/>\n<meta name=\"twitter:card\" content=\"summary_large_image\" \/>\n<script type=\"application\/ld+json\" class=\"yoast-schema-graph\">{\"@context\":\"https:\/\/schema.org\",\"@graph\":[{\"@type\":\"WebPage\",\"@id\":\"https:\/\/estelaexclusivehomes.com\/fr\/travailler-avec-nous\/\",\"url\":\"https:\/\/estelaexclusivehomes.com\/fr\/travailler-avec-nous\/\",\"name\":\"Travailler avec nous - Estela Exclusive Homes\",\"isPartOf\":{\"@id\":\"https:\/\/estelaexclusivehomes.com\/#website\"},\"datePublished\":\"2019-02-15T08:57:36+00:00\",\"breadcrumb\":{\"@id\":\"https:\/\/estelaexclusivehomes.com\/fr\/travailler-avec-nous\/#breadcrumb\"},\"inLanguage\":\"fr-FR\",\"potentialAction\":[{\"@type\":\"ReadAction\",\"target\":[\"https:\/\/estelaexclusivehomes.com\/fr\/travailler-avec-nous\/\"]}]},{\"@type\":\"BreadcrumbList\",\"@id\":\"https:\/\/estelaexclusivehomes.com\/fr\/travailler-avec-nous\/#breadcrumb\",\"itemListElement\":[{\"@type\":\"ListItem\",\"position\":1,\"name\":\"Home\",\"item\":\"https:\/\/estelaexclusivehomes.com\/fr\/\"},{\"@type\":\"ListItem\",\"position\":2,\"name\":\"Travailler avec nous\"}]},{\"@type\":\"WebSite\",\"@id\":\"https:\/\/estelaexclusivehomes.com\/#website\",\"url\":\"https:\/\/estelaexclusivehomes.com\/\",\"name\":\"Estela Exclusive Homes - Christie's Real Estate\",\"description\":\"\",\"publisher\":{\"@id\":\"https:\/\/estelaexclusivehomes.com\/#organization\"},\"alternateName\":\"Estela Exclusive Homes\",\"potentialAction\":[{\"@type\":\"SearchAction\",\"target\":{\"@type\":\"EntryPoint\",\"urlTemplate\":\"https:\/\/estelaexclusivehomes.com\/?s={search_term_string}\"},\"query-input\":{\"@type\":\"PropertyValueSpecification\",\"valueRequired\":true,\"valueName\":\"search_term_string\"}}],\"inLanguage\":\"fr-FR\"},{\"@type\":\"Organization\",\"@id\":\"https:\/\/estelaexclusivehomes.com\/#organization\",\"name\":\"Estela Exclusive Homes - Christie's Real Estate\",\"url\":\"https:\/\/estelaexclusivehomes.com\/\",\"logo\":{\"@type\":\"ImageObject\",\"inLanguage\":\"fr-FR\",\"@id\":\"https:\/\/estelaexclusivehomes.com\/#\/schema\/logo\/image\/\",\"url\":\"https:\/\/estelaexclusivehomes.com\/wp-content\/uploads\/2022\/04\/logo-combined-bl_wh-3.png\",\"contentUrl\":\"https:\/\/estelaexclusivehomes.com\/wp-content\/uploads\/2022\/04\/logo-combined-bl_wh-3.png\",\"width\":820,\"height\":264,\"caption\":\"Estela Exclusive Homes - Christie's Real Estate\"},\"image\":{\"@id\":\"https:\/\/estelaexclusivehomes.com\/#\/schema\/logo\/image\/\"},\"sameAs\":[\"https:\/\/www.facebook.com\/forsaleibiza\/\",\"https:\/\/www.instagram.com\/estelaexclusivehomes\/?hl=es\"]}]}<\/script>\n<!-- \/ Yoast SEO plugin. -->","yoast_head_json":{"title":"Travailler avec nous - Estela Exclusive Homes","robots":{"index":"index","follow":"follow","max-snippet":"max-snippet:-1","max-image-preview":"max-image-preview:large","max-video-preview":"max-video-preview:-1"},"canonical":"https:\/\/estelaexclusivehomes.com\/fr\/travailler-avec-nous\/","og_locale":"fr_FR","og_type":"article","og_title":"Travailler avec nous - Estela Exclusive Homes","og_description":"Voudriez-vous travailler avec nous? Ici vous pouvez voir une br\u00e8ve description des caract\u00e9ristiques que vous devriez avoir pour faire partie de notre \u00e9quipe. Votre profil Exp\u00e9rience d\u00e9montrable dans un poste similaire Commercial avec talent et enthousiasme pour le secteur immobilier Capacit\u00e9 \u00e0 travailler avec beaucoup de d\u00e9vouement Excellentes comp\u00e9tences en communication, bonne pr\u00e9sence et langues [...]Lire la suite...","og_url":"https:\/\/estelaexclusivehomes.com\/fr\/travailler-avec-nous\/","og_site_name":"Estela Exclusive Homes","article_publisher":"https:\/\/www.facebook.com\/forsaleibiza\/","twitter_card":"summary_large_image","schema":{"@context":"https:\/\/schema.org","@graph":[{"@type":"WebPage","@id":"https:\/\/estelaexclusivehomes.com\/fr\/travailler-avec-nous\/","url":"https:\/\/estelaexclusivehomes.com\/fr\/travailler-avec-nous\/","name":"Travailler avec nous - Estela Exclusive Homes","isPartOf":{"@id":"https:\/\/estelaexclusivehomes.com\/#website"},"datePublished":"2019-02-15T08:57:36+00:00","breadcrumb":{"@id":"https:\/\/estelaexclusivehomes.com\/fr\/travailler-avec-nous\/#breadcrumb"},"inLanguage":"fr-FR","potentialAction":[{"@type":"ReadAction","target":["https:\/\/estelaexclusivehomes.com\/fr\/travailler-avec-nous\/"]}]},{"@type":"BreadcrumbList","@id":"https:\/\/estelaexclusivehomes.com\/fr\/travailler-avec-nous\/#breadcrumb","itemListElement":[{"@type":"ListItem","position":1,"name":"Home","item":"https:\/\/estelaexclusivehomes.com\/fr\/"},{"@type":"ListItem","position":2,"name":"Travailler avec nous"}]},{"@type":"WebSite","@id":"https:\/\/estelaexclusivehomes.com\/#website","url":"https:\/\/estelaexclusivehomes.com\/","name":"Estela Exclusive Homes - Christie's Real Estate","description":"","publisher":{"@id":"https:\/\/estelaexclusivehomes.com\/#organization"},"alternateName":"Estela Exclusive Homes","potentialAction":[{"@type":"SearchAction","target":{"@type":"EntryPoint","urlTemplate":"https:\/\/estelaexclusivehomes.com\/?s={search_term_string}"},"query-input":{"@type":"PropertyValueSpecification","valueRequired":true,"valueName":"search_term_string"}}],"inLanguage":"fr-FR"},{"@type":"Organization","@id":"https:\/\/estelaexclusivehomes.com\/#organization","name":"Estela Exclusive Homes - Christie's Real Estate","url":"https:\/\/estelaexclusivehomes.com\/","logo":{"@type":"ImageObject","inLanguage":"fr-FR","@id":"https:\/\/estelaexclusivehomes.com\/#\/schema\/logo\/image\/","url":"https:\/\/estelaexclusivehomes.com\/wp-content\/uploads\/2022\/04\/logo-combined-bl_wh-3.png","contentUrl":"https:\/\/estelaexclusivehomes.com\/wp-content\/uploads\/2022\/04\/logo-combined-bl_wh-3.png","width":820,"height":264,"caption":"Estela Exclusive Homes - Christie's Real Estate"},"image":{"@id":"https:\/\/estelaexclusivehomes.com\/#\/schema\/logo\/image\/"},"sameAs":["https:\/\/www.facebook.com\/forsaleibiza\/","https:\/\/www.instagram.com\/estelaexclusivehomes\/?hl=es"]}]}},"_links":{"self":[{"href":"https:\/\/estelaexclusivehomes.com\/fr\/wp-json\/wp\/v2\/pages\/3961","targetHints":{"allow":["GET"]}}],"collection":[{"href":"https:\/\/estelaexclusivehomes.com\/fr\/wp-json\/wp\/v2\/pages"}],"about":[{"href":"https:\/\/estelaexclusivehomes.com\/fr\/wp-json\/wp\/v2\/types\/page"}],"author":[{"embeddable":true,"href":"https:\/\/estelaexclusivehomes.com\/fr\/wp-json\/wp\/v2\/users\/7"}],"replies":[{"embeddable":true,"href":"https:\/\/estelaexclusivehomes.com\/fr\/wp-json\/wp\/v2\/comments?post=3961"}],"version-history":[{"count":0,"href":"https:\/\/estelaexclusivehomes.com\/fr\/wp-json\/wp\/v2\/pages\/3961\/revisions"}],"wp:attachment":[{"href":"https:\/\/estelaexclusivehomes.com\/fr\/wp-json\/wp\/v2\/media?parent=3961"}],"curies":[{"name":"wp","href":"https:\/\/api.w.org\/{rel}","templated":true}]}}